{"id":67,"date":"2015-11-26T14:49:36","date_gmt":"2015-11-26T17:49:36","guid":{"rendered":"http:\/\/ibflauro.com.br\/site\/?page_id=67"},"modified":"2015-12-02T17:24:18","modified_gmt":"2015-12-02T20:24:18","slug":"nossas-reunioes","status":"publish","type":"page","link":"http:\/\/ibflauro.com.br\/site\/?page_id=67","title":{"rendered":"Nossas reuni\u00f5es"},"content":{"rendered":"<p>Reunimo-nos como Igreja de Cristo todas as semanas nos seguintes hor\u00e1rios:<\/p>\n<ul>\n<li>Domingo &#8211; 09h<\/li>\n<li>Domingo &#8211; 18h30<\/li>\n<li>Ter\u00e7a (quinzenalmente) &#8211; 19h30 (Grupo de estudo\u00a0com Casais)<\/li>\n<li>Quarta &#8211; 19h30<\/li>\n<\/ul>\n<p>Voc\u00ea est\u00e1 mais do que convidado para vir e adorar a Deus conosco e ser aben\u00e7oado com a Sua Palavra.<\/p>\n<p>Deus te aben\u00e7oe.<\/p>\n","protected":false},"excerpt":{"rendered":"<p>Reunimo-nos como Igreja de Cristo todas as semanas nos seguintes hor\u00e1rios: Domingo &#8211; 09h Domingo &#8211; 18h30 Ter\u00e7a (quinzenalmente) &#8211; 19h30 (Grupo de estudo\u00a0com Casais) Quarta &#8211; 19h30 Voc\u00ea est\u00e1 mais do que convidado para vir e adorar a Deus<\/p>\n","protected":false},"author":1,"featured_media":0,"parent":2,"menu_order":0,"comment_status":"closed","ping_status":"closed","template":"","meta":[],"_links":{"self":[{"href":"http:\/\/ibflauro.com.br\/site\/index.php?rest_route=\/wp\/v2\/pages\/67"}],"collection":[{"href":"http:\/\/ibflauro.com.br\/site\/index.php?rest_route=\/wp\/v2\/pages"}],"about":[{"href":"http:\/\/ibflauro.com.br\/site\/index.php?rest_route=\/wp\/v2\/types\/page"}],"author":[{"embeddable":true,"href":"http:\/\/ibflauro.com.br\/site\/index.php?rest_route=\/wp\/v2\/users\/1"}],"replies":[{"embeddable":true,"href":"http:\/\/ibflauro.com.br\/site\/index.php?rest_route=%2Fwp%2Fv2%2Fcomments&post=67"}],"version-history":[{"count":2,"href":"http:\/\/ibflauro.com.br\/site\/index.php?rest_route=\/wp\/v2\/pages\/67\/revisions"}],"predecessor-version":[{"id":158,"href":"http:\/\/ibflauro.com.br\/site\/index.php?rest_route=\/wp\/v2\/pages\/67\/revisions\/158"}],"up":[{"embeddable":true,"href":"http:\/\/ibflauro.com.br\/site\/index.php?rest_route=\/wp\/v2\/pages\/2"}],"wp:attachment":[{"href":"http:\/\/ibflauro.com.br\/site\/index.php?rest_route=%2Fwp%2Fv2%2Fmedia&parent=67"}],"curies":[{"name":"wp","href":"https:\/\/api.w.org\/{rel}","templated":true}]}}