{"id":207,"date":"2016-01-06T17:24:48","date_gmt":"2016-01-06T20:24:48","guid":{"rendered":"http:\/\/ibflauro.com.br\/site\/?page_id=207"},"modified":"2016-01-06T17:24:48","modified_gmt":"2016-01-06T20:24:48","slug":"culto-da-virada-2015-2016","status":"publish","type":"page","link":"http:\/\/ibflauro.com.br\/site\/?page_id=207","title":{"rendered":"Culto da Virada 2015-2016"},"content":{"rendered":"<div id='gallery-1' class='gallery galleryid-207 gallery-columns-3 gallery-size-medium'><figure class='gallery-item'>\n\t\t\t<div class='gallery-icon landscape'>\n\t\t\t\t<a href='http:\/\/ibflauro.com.br\/site\/?attachment_id=222'><img width=\"300\" height=\"169\" src=\"http:\/\/ibflauro.com.br\/site\/wp-content\/uploads\/2016\/01\/12402132_805552249555248_2980362201331772583_o-300x169.jpg\" class=\"attachment-medium size-medium\" alt=\"\" loading=\"lazy\" aria-describedby=\"gallery-1-222\" srcset=\"http:\/\/ibflauro.com.br\/site\/wp-content\/uploads\/2016\/01\/12402132_805552249555248_2980362201331772583_o-300x169.jpg 300w, http:\/\/ibflauro.com.br\/site\/wp-content\/uploads\/2016\/01\/12402132_805552249555248_2980362201331772583_o-1024x577.jpg 1024w, http:\/\/ibflauro.com.br\/site\/wp-content\/uploads\/2016\/01\/12402132_805552249555248_2980362201331772583_o.jpg 1296w\" sizes=\"(max-width: 300px) 100vw, 300px\" \/><\/a>\n\t\t\t<\/div>\n\t\t\t\t<figcaption class='wp-caption-text gallery-caption' id='gallery-1-222'>\n\t\t\t\tEu Te louvarei, \u00f3 Deus!\n\t\t\t\t<\/figcaption><\/figure><figure class='gallery-item'>\n\t\t\t<div class='gallery-icon landscape'>\n\t\t\t\t<a href='http:\/\/ibflauro.com.br\/site\/?attachment_id=208'><img width=\"300\" height=\"169\" src=\"http:\/\/ibflauro.com.br\/site\/wp-content\/uploads\/2016\/01\/12486084_805552619555211_5551824383820687452_o-300x169.jpg\" class=\"attachment-medium size-medium\" alt=\"\" loading=\"lazy\" aria-describedby=\"gallery-1-208\" srcset=\"http:\/\/ibflauro.com.br\/site\/wp-content\/uploads\/2016\/01\/12486084_805552619555211_5551824383820687452_o-300x169.jpg 300w, http:\/\/ibflauro.com.br\/site\/wp-content\/uploads\/2016\/01\/12486084_805552619555211_5551824383820687452_o-1024x577.jpg 1024w, http:\/\/ibflauro.com.br\/site\/wp-content\/uploads\/2016\/01\/12486084_805552619555211_5551824383820687452_o.jpg 1296w\" sizes=\"(max-width: 300px) 100vw, 300px\" \/><\/a>\n\t\t\t<\/div>\n\t\t\t\t<figcaption class='wp-caption-text gallery-caption' id='gallery-1-208'>\n\t\t\t\tOra\u00e7\u00e3o pelas fam\u00edlias\n\t\t\t\t<\/figcaption><\/figure><figure class='gallery-item'>\n\t\t\t<div class='gallery-icon landscape'>\n\t\t\t\t<a href='http:\/\/ibflauro.com.br\/site\/?attachment_id=209'><img width=\"300\" height=\"169\" src=\"http:\/\/ibflauro.com.br\/site\/wp-content\/uploads\/2016\/01\/886229_805553079555165_8175368463646757759_o-300x169.jpg\" class=\"attachment-medium size-medium\" alt=\"\" loading=\"lazy\" aria-describedby=\"gallery-1-209\" srcset=\"http:\/\/ibflauro.com.br\/site\/wp-content\/uploads\/2016\/01\/886229_805553079555165_8175368463646757759_o-300x169.jpg 300w, http:\/\/ibflauro.com.br\/site\/wp-content\/uploads\/2016\/01\/886229_805553079555165_8175368463646757759_o-1024x577.jpg 1024w, http:\/\/ibflauro.com.br\/site\/wp-content\/uploads\/2016\/01\/886229_805553079555165_8175368463646757759_o.jpg 1296w\" sizes=\"(max-width: 300px) 100vw, 300px\" \/><\/a>\n\t\t\t<\/div>\n\t\t\t\t<figcaption class='wp-caption-text gallery-caption' id='gallery-1-209'>\n\t\t\t\tAlegria em estar na presen\u00e7a do Senhor\n\t\t\t\t<\/figcaption><\/figure><figure class='gallery-item'>\n\t\t\t<div class='gallery-icon landscape'>\n\t\t\t\t<a href='http:\/\/ibflauro.com.br\/site\/?attachment_id=220'><img width=\"300\" height=\"169\" src=\"http:\/\/ibflauro.com.br\/site\/wp-content\/uploads\/2016\/01\/12401710_805552449555228_6715733000985756740_o-300x169.jpg\" class=\"attachment-medium size-medium\" alt=\"\" loading=\"lazy\" aria-describedby=\"gallery-1-220\" srcset=\"http:\/\/ibflauro.com.br\/site\/wp-content\/uploads\/2016\/01\/12401710_805552449555228_6715733000985756740_o-300x169.jpg 300w, http:\/\/ibflauro.com.br\/site\/wp-content\/uploads\/2016\/01\/12401710_805552449555228_6715733000985756740_o-1024x577.jpg 1024w, http:\/\/ibflauro.com.br\/site\/wp-content\/uploads\/2016\/01\/12401710_805552449555228_6715733000985756740_o.jpg 1296w\" sizes=\"(max-width: 300px) 100vw, 300px\" \/><\/a>\n\t\t\t<\/div>\n\t\t\t\t<figcaption class='wp-caption-text gallery-caption' id='gallery-1-220'>\n\t\t\t\tTestemunhos de ben\u00e7\u00e3os\n\t\t\t\t<\/figcaption><\/figure><figure class='gallery-item'>\n\t\t\t<div class='gallery-icon landscape'>\n\t\t\t\t<a href='http:\/\/ibflauro.com.br\/site\/?attachment_id=218'><img width=\"300\" height=\"169\" src=\"http:\/\/ibflauro.com.br\/site\/wp-content\/uploads\/2016\/01\/10644182_805552616221878_2937478780401410838_o-300x169.jpg\" class=\"attachment-medium size-medium\" alt=\"\" loading=\"lazy\" aria-describedby=\"gallery-1-218\" srcset=\"http:\/\/ibflauro.com.br\/site\/wp-content\/uploads\/2016\/01\/10644182_805552616221878_2937478780401410838_o-300x169.jpg 300w, http:\/\/ibflauro.com.br\/site\/wp-content\/uploads\/2016\/01\/10644182_805552616221878_2937478780401410838_o-1024x577.jpg 1024w, http:\/\/ibflauro.com.br\/site\/wp-content\/uploads\/2016\/01\/10644182_805552616221878_2937478780401410838_o.jpg 1296w\" sizes=\"(max-width: 300px) 100vw, 300px\" \/><\/a>\n\t\t\t<\/div>\n\t\t\t\t<figcaption class='wp-caption-text gallery-caption' id='gallery-1-218'>\n\t\t\t\tTestemunhos de ben\u00e7\u00e3o\n\t\t\t\t<\/figcaption><\/figure><figure class='gallery-item'>\n\t\t\t<div class='gallery-icon portrait'>\n\t\t\t\t<a href='http:\/\/ibflauro.com.br\/site\/?attachment_id=221'><img width=\"169\" height=\"300\" src=\"http:\/\/ibflauro.com.br\/site\/wp-content\/uploads\/2016\/01\/12402029_805552332888573_3953322727651945238_o-169x300.jpg\" class=\"attachment-medium size-medium\" alt=\"\" loading=\"lazy\" aria-describedby=\"gallery-1-221\" srcset=\"http:\/\/ibflauro.com.br\/site\/wp-content\/uploads\/2016\/01\/12402029_805552332888573_3953322727651945238_o-169x300.jpg 169w, http:\/\/ibflauro.com.br\/site\/wp-content\/uploads\/2016\/01\/12402029_805552332888573_3953322727651945238_o-577x1024.jpg 577w, http:\/\/ibflauro.com.br\/site\/wp-content\/uploads\/2016\/01\/12402029_805552332888573_3953322727651945238_o.jpg 730w\" sizes=\"(max-width: 169px) 100vw, 169px\" \/><\/a>\n\t\t\t<\/div>\n\t\t\t\t<figcaption class='wp-caption-text gallery-caption' id='gallery-1-221'>\n\t\t\t\tEm Tua presen\u00e7a dan\u00e7arei de alegria\n\t\t\t\t<\/figcaption><\/figure><figure class='gallery-item'>\n\t\t\t<div class='gallery-icon landscape'>\n\t\t\t\t<a href='http:\/\/ibflauro.com.br\/site\/?attachment_id=216'><img width=\"300\" height=\"169\" src=\"http:\/\/ibflauro.com.br\/site\/wp-content\/uploads\/2016\/01\/10633374_805552326221907_5117741833285378162_o-300x169.jpg\" class=\"attachment-medium size-medium\" alt=\"\" loading=\"lazy\" srcset=\"http:\/\/ibflauro.com.br\/site\/wp-content\/uploads\/2016\/01\/10633374_805552326221907_5117741833285378162_o-300x169.jpg 300w, http:\/\/ibflauro.com.br\/site\/wp-content\/uploads\/2016\/01\/10633374_805552326221907_5117741833285378162_o-1024x577.jpg 1024w, http:\/\/ibflauro.com.br\/site\/wp-content\/uploads\/2016\/01\/10633374_805552326221907_5117741833285378162_o.jpg 1296w\" sizes=\"(max-width: 300px) 100vw, 300px\" \/><\/a>\n\t\t\t<\/div><\/figure><figure class='gallery-item'>\n\t\t\t<div class='gallery-icon landscape'>\n\t\t\t\t<a href='http:\/\/ibflauro.com.br\/site\/?attachment_id=230'><img width=\"300\" height=\"169\" src=\"http:\/\/ibflauro.com.br\/site\/wp-content\/uploads\/2016\/01\/12465908_805552272888579_6045268127189284934_o-300x169.jpg\" class=\"attachment-medium size-medium\" alt=\"\" loading=\"lazy\" srcset=\"http:\/\/ibflauro.com.br\/site\/wp-content\/uploads\/2016\/01\/12465908_805552272888579_6045268127189284934_o-300x169.jpg 300w, http:\/\/ibflauro.com.br\/site\/wp-content\/uploads\/2016\/01\/12465908_805552272888579_6045268127189284934_o-1024x577.jpg 1024w, http:\/\/ibflauro.com.br\/site\/wp-content\/uploads\/2016\/01\/12465908_805552272888579_6045268127189284934_o.jpg 1296w\" sizes=\"(max-width: 300px) 100vw, 300px\" \/><\/a>\n\t\t\t<\/div><\/figure><figure class='gallery-item'>\n\t\t\t<div class='gallery-icon portrait'>\n\t\t\t\t<a href='http:\/\/ibflauro.com.br\/site\/?attachment_id=214'><img width=\"169\" height=\"300\" src=\"http:\/\/ibflauro.com.br\/site\/wp-content\/uploads\/2016\/01\/1540314_805552676221872_789109317192874610_o-169x300.jpg\" class=\"attachment-medium size-medium\" alt=\"\" loading=\"lazy\" aria-describedby=\"gallery-1-214\" srcset=\"http:\/\/ibflauro.com.br\/site\/wp-content\/uploads\/2016\/01\/1540314_805552676221872_789109317192874610_o-169x300.jpg 169w, http:\/\/ibflauro.com.br\/site\/wp-content\/uploads\/2016\/01\/1540314_805552676221872_789109317192874610_o-577x1024.jpg 577w, http:\/\/ibflauro.com.br\/site\/wp-content\/uploads\/2016\/01\/1540314_805552676221872_789109317192874610_o.jpg 730w\" sizes=\"(max-width: 169px) 100vw, 169px\" \/><\/a>\n\t\t\t<\/div>\n\t\t\t\t<figcaption class='wp-caption-text gallery-caption' id='gallery-1-214'>\n\t\t\t\tA Palavra viva de Deus\n\t\t\t\t<\/figcaption><\/figure><figure class='gallery-item'>\n\t\t\t<div class='gallery-icon landscape'>\n\t\t\t\t<a href='http:\/\/ibflauro.com.br\/site\/?attachment_id=237'><img width=\"300\" height=\"169\" src=\"http:\/\/ibflauro.com.br\/site\/wp-content\/uploads\/2016\/01\/12473897_805552742888532_464224616266770334_o-300x169.jpg\" class=\"attachment-medium size-medium\" alt=\"\" loading=\"lazy\" srcset=\"http:\/\/ibflauro.com.br\/site\/wp-content\/uploads\/2016\/01\/12473897_805552742888532_464224616266770334_o-300x169.jpg 300w, http:\/\/ibflauro.com.br\/site\/wp-content\/uploads\/2016\/01\/12473897_805552742888532_464224616266770334_o-1024x577.jpg 1024w, http:\/\/ibflauro.com.br\/site\/wp-content\/uploads\/2016\/01\/12473897_805552742888532_464224616266770334_o.jpg 1296w\" sizes=\"(max-width: 300px) 100vw, 300px\" \/><\/a>\n\t\t\t<\/div><\/figure><figure class='gallery-item'>\n\t\t\t<div class='gallery-icon landscape'>\n\t\t\t\t<a href='http:\/\/ibflauro.com.br\/site\/?attachment_id=226'><img width=\"300\" height=\"169\" src=\"http:\/\/ibflauro.com.br\/site\/wp-content\/uploads\/2016\/01\/12418964_805552802888526_2001760139756003422_o-300x169.jpg\" class=\"attachment-medium size-medium\" alt=\"\" loading=\"lazy\" srcset=\"http:\/\/ibflauro.com.br\/site\/wp-content\/uploads\/2016\/01\/12418964_805552802888526_2001760139756003422_o-300x169.jpg 300w, http:\/\/ibflauro.com.br\/site\/wp-content\/uploads\/2016\/01\/12418964_805552802888526_2001760139756003422_o-1024x577.jpg 1024w, http:\/\/ibflauro.com.br\/site\/wp-content\/uploads\/2016\/01\/12418964_805552802888526_2001760139756003422_o.jpg 1296w\" sizes=\"(max-width: 300px) 100vw, 300px\" \/><\/a>\n\t\t\t<\/div><\/figure><figure class='gallery-item'>\n\t\t\t<div class='gallery-icon landscape'>\n\t\t\t\t<a href='http:\/\/ibflauro.com.br\/site\/?attachment_id=211'><img width=\"300\" height=\"169\" src=\"http:\/\/ibflauro.com.br\/site\/wp-content\/uploads\/2016\/01\/1292920_805552872888519_5795869091940530630_o-300x169.jpg\" class=\"attachment-medium size-medium\" alt=\"\" loading=\"lazy\" aria-describedby=\"gallery-1-211\" srcset=\"http:\/\/ibflauro.com.br\/site\/wp-content\/uploads\/2016\/01\/1292920_805552872888519_5795869091940530630_o-300x169.jpg 300w, http:\/\/ibflauro.com.br\/site\/wp-content\/uploads\/2016\/01\/1292920_805552872888519_5795869091940530630_o-1024x577.jpg 1024w, http:\/\/ibflauro.com.br\/site\/wp-content\/uploads\/2016\/01\/1292920_805552872888519_5795869091940530630_o.jpg 1296w\" sizes=\"(max-width: 300px) 100vw, 300px\" \/><\/a>\n\t\t\t<\/div>\n\t\t\t\t<figcaption class='wp-caption-text gallery-caption' id='gallery-1-211'>\n\t\t\t\tPedidos de ora\u00e7\u00e3o\n\t\t\t\t<\/figcaption><\/figure><figure class='gallery-item'>\n\t\t\t<div class='gallery-icon landscape'>\n\t\t\t\t<a href='http:\/\/ibflauro.com.br\/site\/?attachment_id=225'><img width=\"300\" height=\"169\" src=\"http:\/\/ibflauro.com.br\/site\/wp-content\/uploads\/2016\/01\/12418840_805552856221854_7763040251309691504_o-300x169.jpg\" class=\"attachment-medium size-medium\" alt=\"\" loading=\"lazy\" srcset=\"http:\/\/ibflauro.com.br\/site\/wp-content\/uploads\/2016\/01\/12418840_805552856221854_7763040251309691504_o-300x169.jpg 300w, http:\/\/ibflauro.com.br\/site\/wp-content\/uploads\/2016\/01\/12418840_805552856221854_7763040251309691504_o-1024x577.jpg 1024w, http:\/\/ibflauro.com.br\/site\/wp-content\/uploads\/2016\/01\/12418840_805552856221854_7763040251309691504_o.jpg 1296w\" sizes=\"(max-width: 300px) 100vw, 300px\" \/><\/a>\n\t\t\t<\/div><\/figure><figure class='gallery-item'>\n\t\t\t<div class='gallery-icon landscape'>\n\t\t\t\t<a href='http:\/\/ibflauro.com.br\/site\/?attachment_id=213'><img width=\"300\" height=\"169\" src=\"http:\/\/ibflauro.com.br\/site\/wp-content\/uploads\/2016\/01\/1415160_805553076221832_554570988502713864_o-300x169.jpg\" class=\"attachment-medium size-medium\" alt=\"\" loading=\"lazy\" aria-describedby=\"gallery-1-213\" srcset=\"http:\/\/ibflauro.com.br\/site\/wp-content\/uploads\/2016\/01\/1415160_805553076221832_554570988502713864_o-300x169.jpg 300w, http:\/\/ibflauro.com.br\/site\/wp-content\/uploads\/2016\/01\/1415160_805553076221832_554570988502713864_o-1024x577.jpg 1024w, http:\/\/ibflauro.com.br\/site\/wp-content\/uploads\/2016\/01\/1415160_805553076221832_554570988502713864_o.jpg 1296w\" sizes=\"(max-width: 300px) 100vw, 300px\" \/><\/a>\n\t\t\t<\/div>\n\t\t\t\t<figcaption class='wp-caption-text gallery-caption' id='gallery-1-213'>\n\t\t\t\tApresentando ao Senhor os pedidos\n\t\t\t\t<\/figcaption><\/figure><figure class='gallery-item'>\n\t\t\t<div class='gallery-icon landscape'>\n\t\t\t\t<a href='http:\/\/ibflauro.com.br\/site\/?attachment_id=227'><img width=\"300\" height=\"169\" src=\"http:\/\/ibflauro.com.br\/site\/wp-content\/uploads\/2016\/01\/12419181_805553082888498_6137694239605708260_o-300x169.jpg\" class=\"attachment-medium size-medium\" alt=\"\" loading=\"lazy\" srcset=\"http:\/\/ibflauro.com.br\/site\/wp-content\/uploads\/2016\/01\/12419181_805553082888498_6137694239605708260_o-300x169.jpg 300w, http:\/\/ibflauro.com.br\/site\/wp-content\/uploads\/2016\/01\/12419181_805553082888498_6137694239605708260_o-1024x577.jpg 1024w, http:\/\/ibflauro.com.br\/site\/wp-content\/uploads\/2016\/01\/12419181_805553082888498_6137694239605708260_o.jpg 1296w\" sizes=\"(max-width: 300px) 100vw, 300px\" \/><\/a>\n\t\t\t<\/div><\/figure><figure class='gallery-item'>\n\t\t\t<div class='gallery-icon landscape'>\n\t\t\t\t<a href='http:\/\/ibflauro.com.br\/site\/?attachment_id=210'><img width=\"300\" height=\"254\" src=\"http:\/\/ibflauro.com.br\/site\/wp-content\/uploads\/2016\/01\/980495_805553599555113_2888874056776652969_o-300x254.jpg\" class=\"attachment-medium size-medium\" alt=\"\" loading=\"lazy\" aria-describedby=\"gallery-1-210\" srcset=\"http:\/\/ibflauro.com.br\/site\/wp-content\/uploads\/2016\/01\/980495_805553599555113_2888874056776652969_o-300x254.jpg 300w, http:\/\/ibflauro.com.br\/site\/wp-content\/uploads\/2016\/01\/980495_805553599555113_2888874056776652969_o-1024x867.jpg 1024w, http:\/\/ibflauro.com.br\/site\/wp-content\/uploads\/2016\/01\/980495_805553599555113_2888874056776652969_o.jpg 1293w\" sizes=\"(max-width: 300px) 100vw, 300px\" \/><\/a>\n\t\t\t<\/div>\n\t\t\t\t<figcaption class='wp-caption-text gallery-caption' id='gallery-1-210'>\n\t\t\t\tA comunh\u00e3o dos santos\n\t\t\t\t<\/figcaption><\/figure><figure class='gallery-item'>\n\t\t\t<div class='gallery-icon landscape'>\n\t\t\t\t<a href='http:\/\/ibflauro.com.br\/site\/?attachment_id=215'><img width=\"300\" height=\"169\" src=\"http:\/\/ibflauro.com.br\/site\/wp-content\/uploads\/2016\/01\/10265650_805553276221812_3947123549064035539_o-300x169.jpg\" class=\"attachment-medium size-medium\" alt=\"\" loading=\"lazy\" aria-describedby=\"gallery-1-215\" srcset=\"http:\/\/ibflauro.com.br\/site\/wp-content\/uploads\/2016\/01\/10265650_805553276221812_3947123549064035539_o-300x169.jpg 300w, http:\/\/ibflauro.com.br\/site\/wp-content\/uploads\/2016\/01\/10265650_805553276221812_3947123549064035539_o-1024x577.jpg 1024w, http:\/\/ibflauro.com.br\/site\/wp-content\/uploads\/2016\/01\/10265650_805553276221812_3947123549064035539_o.jpg 1296w\" sizes=\"(max-width: 300px) 100vw, 300px\" \/><\/a>\n\t\t\t<\/div>\n\t\t\t\t<figcaption class='wp-caption-text gallery-caption' id='gallery-1-215'>\n\t\t\t\tS\u00f3 as gatas!\n\t\t\t\t<\/figcaption><\/figure><figure class='gallery-item'>\n\t\t\t<div class='gallery-icon landscape'>\n\t\t\t\t<a href='http:\/\/ibflauro.com.br\/site\/?attachment_id=217'><img width=\"300\" height=\"169\" src=\"http:\/\/ibflauro.com.br\/site\/wp-content\/uploads\/2016\/01\/10636628_805553506221789_8199704810679241045_o-300x169.jpg\" class=\"attachment-medium size-medium\" alt=\"\" loading=\"lazy\" srcset=\"http:\/\/ibflauro.com.br\/site\/wp-content\/uploads\/2016\/01\/10636628_805553506221789_8199704810679241045_o-300x169.jpg 300w, http:\/\/ibflauro.com.br\/site\/wp-content\/uploads\/2016\/01\/10636628_805553506221789_8199704810679241045_o-1024x577.jpg 1024w, http:\/\/ibflauro.com.br\/site\/wp-content\/uploads\/2016\/01\/10636628_805553506221789_8199704810679241045_o.jpg 1296w\" sizes=\"(max-width: 300px) 100vw, 300px\" \/><\/a>\n\t\t\t<\/div><\/figure><figure class='gallery-item'>\n\t\t\t<div class='gallery-icon landscape'>\n\t\t\t\t<a href='http:\/\/ibflauro.com.br\/site\/?attachment_id=223'><img width=\"300\" height=\"169\" src=\"http:\/\/ibflauro.com.br\/site\/wp-content\/uploads\/2016\/01\/12402151_805553582888448_6415573311822121920_o-300x169.jpg\" class=\"attachment-medium size-medium\" alt=\"\" loading=\"lazy\" srcset=\"http:\/\/ibflauro.com.br\/site\/wp-content\/uploads\/2016\/01\/12402151_805553582888448_6415573311822121920_o-300x169.jpg 300w, http:\/\/ibflauro.com.br\/site\/wp-content\/uploads\/2016\/01\/12402151_805553582888448_6415573311822121920_o-1024x577.jpg 1024w, http:\/\/ibflauro.com.br\/site\/wp-content\/uploads\/2016\/01\/12402151_805553582888448_6415573311822121920_o.jpg 1296w\" sizes=\"(max-width: 300px) 100vw, 300px\" \/><\/a>\n\t\t\t<\/div><\/figure><figure class='gallery-item'>\n\t\t\t<div class='gallery-icon landscape'>\n\t\t\t\t<a href='http:\/\/ibflauro.com.br\/site\/?attachment_id=224'><img width=\"300\" height=\"169\" src=\"http:\/\/ibflauro.com.br\/site\/wp-content\/uploads\/2016\/01\/12402219_805553729555100_6978302205572516110_o-300x169.jpg\" class=\"attachment-medium size-medium\" alt=\"\" loading=\"lazy\" srcset=\"http:\/\/ibflauro.com.br\/site\/wp-content\/uploads\/2016\/01\/12402219_805553729555100_6978302205572516110_o-300x169.jpg 300w, http:\/\/ibflauro.com.br\/site\/wp-content\/uploads\/2016\/01\/12402219_805553729555100_6978302205572516110_o-1024x577.jpg 1024w, http:\/\/ibflauro.com.br\/site\/wp-content\/uploads\/2016\/01\/12402219_805553729555100_6978302205572516110_o.jpg 1296w\" sizes=\"(max-width: 300px) 100vw, 300px\" \/><\/a>\n\t\t\t<\/div><\/figure><figure class='gallery-item'>\n\t\t\t<div class='gallery-icon landscape'>\n\t\t\t\t<a href='http:\/\/ibflauro.com.br\/site\/?attachment_id=228'><img width=\"300\" height=\"169\" src=\"http:\/\/ibflauro.com.br\/site\/wp-content\/uploads\/2016\/01\/12440693_805553009555172_5560260260699900447_o-300x169.jpg\" class=\"attachment-medium size-medium\" alt=\"\" loading=\"lazy\" srcset=\"http:\/\/ibflauro.com.br\/site\/wp-content\/uploads\/2016\/01\/12440693_805553009555172_5560260260699900447_o-300x169.jpg 300w, http:\/\/ibflauro.com.br\/site\/wp-content\/uploads\/2016\/01\/12440693_805553009555172_5560260260699900447_o-1024x577.jpg 1024w, http:\/\/ibflauro.com.br\/site\/wp-content\/uploads\/2016\/01\/12440693_805553009555172_5560260260699900447_o.jpg 1296w\" sizes=\"(max-width: 300px) 100vw, 300px\" \/><\/a>\n\t\t\t<\/div><\/figure><figure class='gallery-item'>\n\t\t\t<div class='gallery-icon landscape'>\n\t\t\t\t<a href='http:\/\/ibflauro.com.br\/site\/?attachment_id=231'><img width=\"300\" height=\"169\" src=\"http:\/\/ibflauro.com.br\/site\/wp-content\/uploads\/2016\/01\/12466038_805553282888478_1993038521110391083_o-300x169.jpg\" class=\"attachment-medium size-medium\" alt=\"\" loading=\"lazy\" aria-describedby=\"gallery-1-231\" srcset=\"http:\/\/ibflauro.com.br\/site\/wp-content\/uploads\/2016\/01\/12466038_805553282888478_1993038521110391083_o-300x169.jpg 300w, http:\/\/ibflauro.com.br\/site\/wp-content\/uploads\/2016\/01\/12466038_805553282888478_1993038521110391083_o-1024x577.jpg 1024w, http:\/\/ibflauro.com.br\/site\/wp-content\/uploads\/2016\/01\/12466038_805553282888478_1993038521110391083_o.jpg 1296w\" sizes=\"(max-width: 300px) 100vw, 300px\" \/><\/a>\n\t\t\t<\/div>\n\t\t\t\t<figcaption class='wp-caption-text gallery-caption' id='gallery-1-231'>\n\t\t\t\tA equipe top do churrasco\n\t\t\t\t<\/figcaption><\/figure><figure class='gallery-item'>\n\t\t\t<div class='gallery-icon landscape'>\n\t\t\t\t<a href='http:\/\/ibflauro.com.br\/site\/?attachment_id=238'><img width=\"300\" height=\"169\" src=\"http:\/\/ibflauro.com.br\/site\/wp-content\/uploads\/2016\/01\/12485951_805553486221791_4811156089171547933_o-300x169.jpg\" class=\"attachment-medium size-medium\" alt=\"\" loading=\"lazy\" srcset=\"http:\/\/ibflauro.com.br\/site\/wp-content\/uploads\/2016\/01\/12485951_805553486221791_4811156089171547933_o-300x169.jpg 300w, http:\/\/ibflauro.com.br\/site\/wp-content\/uploads\/2016\/01\/12485951_805553486221791_4811156089171547933_o-1024x577.jpg 1024w, http:\/\/ibflauro.com.br\/site\/wp-content\/uploads\/2016\/01\/12485951_805553486221791_4811156089171547933_o.jpg 1296w\" sizes=\"(max-width: 300px) 100vw, 300px\" \/><\/a>\n\t\t\t<\/div><\/figure><figure class='gallery-item'>\n\t\t\t<div class='gallery-icon portrait'>\n\t\t\t\t<a href='http:\/\/ibflauro.com.br\/site\/?attachment_id=232'><img width=\"169\" height=\"300\" src=\"http:\/\/ibflauro.com.br\/site\/wp-content\/uploads\/2016\/01\/12466167_805553739555099_2297820204599227480_o-169x300.jpg\" class=\"attachment-medium size-medium\" alt=\"\" loading=\"lazy\" srcset=\"http:\/\/ibflauro.com.br\/site\/wp-content\/uploads\/2016\/01\/12466167_805553739555099_2297820204599227480_o-169x300.jpg 169w, http:\/\/ibflauro.com.br\/site\/wp-content\/uploads\/2016\/01\/12466167_805553739555099_2297820204599227480_o-577x1024.jpg 577w, http:\/\/ibflauro.com.br\/site\/wp-content\/uploads\/2016\/01\/12466167_805553739555099_2297820204599227480_o.jpg 730w\" sizes=\"(max-width: 169px) 100vw, 169px\" \/><\/a>\n\t\t\t<\/div><\/figure><figure class='gallery-item'>\n\t\t\t<div class='gallery-icon landscape'>\n\t\t\t\t<a href='http:\/\/ibflauro.com.br\/site\/?attachment_id=233'><img width=\"300\" height=\"169\" src=\"http:\/\/ibflauro.com.br\/site\/wp-content\/uploads\/2016\/01\/12466282_805555116221628_2818759715834859913_o-300x169.jpg\" class=\"attachment-medium size-medium\" alt=\"\" loading=\"lazy\" srcset=\"http:\/\/ibflauro.com.br\/site\/wp-content\/uploads\/2016\/01\/12466282_805555116221628_2818759715834859913_o-300x169.jpg 300w, http:\/\/ibflauro.com.br\/site\/wp-content\/uploads\/2016\/01\/12466282_805555116221628_2818759715834859913_o-1024x577.jpg 1024w, http:\/\/ibflauro.com.br\/site\/wp-content\/uploads\/2016\/01\/12466282_805555116221628_2818759715834859913_o.jpg 1296w\" sizes=\"(max-width: 300px) 100vw, 300px\" \/><\/a>\n\t\t\t<\/div><\/figure><figure class='gallery-item'>\n\t\t\t<div class='gallery-icon portrait'>\n\t\t\t\t<a href='http:\/\/ibflauro.com.br\/site\/?attachment_id=236'><img width=\"169\" height=\"300\" src=\"http:\/\/ibflauro.com.br\/site\/wp-content\/uploads\/2016\/01\/12471921_805553626221777_3640155664522072172_o-169x300.jpg\" class=\"attachment-medium size-medium\" alt=\"\" loading=\"lazy\" srcset=\"http:\/\/ibflauro.com.br\/site\/wp-content\/uploads\/2016\/01\/12471921_805553626221777_3640155664522072172_o-169x300.jpg 169w, http:\/\/ibflauro.com.br\/site\/wp-content\/uploads\/2016\/01\/12471921_805553626221777_3640155664522072172_o-577x1024.jpg 577w, http:\/\/ibflauro.com.br\/site\/wp-content\/uploads\/2016\/01\/12471921_805553626221777_3640155664522072172_o.jpg 730w\" sizes=\"(max-width: 169px) 100vw, 169px\" \/><\/a>\n\t\t\t<\/div><\/figure>\n\t\t<\/div>\n\n","protected":false},"excerpt":{"rendered":"","protected":false},"author":1,"featured_media":0,"parent":49,"menu_order":0,"comment_status":"closed","ping_status":"closed","template":"","meta":[],"_links":{"self":[{"href":"http:\/\/ibflauro.com.br\/site\/index.php?rest_route=\/wp\/v2\/pages\/207"}],"collection":[{"href":"http:\/\/ibflauro.com.br\/site\/index.php?rest_route=\/wp\/v2\/pages"}],"about":[{"href":"http:\/\/ibflauro.com.br\/site\/index.php?rest_route=\/wp\/v2\/types\/page"}],"author":[{"embeddable":true,"href":"http:\/\/ibflauro.com.br\/site\/index.php?rest_route=\/wp\/v2\/users\/1"}],"replies":[{"embeddable":true,"href":"http:\/\/ibflauro.com.br\/site\/index.php?rest_route=%2Fwp%2Fv2%2Fcomments&post=207"}],"version-history":[{"count":1,"href":"http:\/\/ibflauro.com.br\/site\/index.php?rest_route=\/wp\/v2\/pages\/207\/revisions"}],"predecessor-version":[{"id":239,"href":"http:\/\/ibflauro.com.br\/site\/index.php?rest_route=\/wp\/v2\/pages\/207\/revisions\/239"}],"up":[{"embeddable":true,"href":"http:\/\/ibflauro.com.br\/site\/index.php?rest_route=\/wp\/v2\/pages\/49"}],"wp:attachment":[{"href":"http:\/\/ibflauro.com.br\/site\/index.php?rest_route=%2Fwp%2Fv2%2Fmedia&parent=207"}],"curies":[{"name":"wp","href":"https:\/\/api.w.org\/{rel}","templated":true}]}}