{"id":2,"date":"2015-11-11T07:11:58","date_gmt":"2015-11-11T07:11:58","guid":{"rendered":"http:\/\/ibflauro.com.br\/site\/?page_id=2"},"modified":"2016-02-17T15:36:53","modified_gmt":"2016-02-17T18:36:53","slug":"sobre","status":"publish","type":"page","link":"http:\/\/ibflauro.com.br\/site\/?page_id=2","title":{"rendered":"Sobre"},"content":{"rendered":"<p><a href=\"http:\/\/ibflauro.com.br\/site\/wp-content\/uploads\/2015\/11\/1795149_406903016120455_1142291499_o.jpg\"><img loading=\"lazy\" class=\"size-medium wp-image-14 alignleft\" src=\"http:\/\/ibflauro.com.br\/site\/wp-content\/uploads\/2015\/11\/1795149_406903016120455_1142291499_o-300x225.jpg\" alt=\"Pastores Manuel e Catarina Ribeiro\" width=\"300\" height=\"225\" srcset=\"http:\/\/ibflauro.com.br\/site\/wp-content\/uploads\/2015\/11\/1795149_406903016120455_1142291499_o-300x225.jpg 300w, http:\/\/ibflauro.com.br\/site\/wp-content\/uploads\/2015\/11\/1795149_406903016120455_1142291499_o-1024x768.jpg 1024w, http:\/\/ibflauro.com.br\/site\/wp-content\/uploads\/2015\/11\/1795149_406903016120455_1142291499_o.jpg 2048w\" sizes=\"(max-width: 300px) 100vw, 300px\" \/><\/a><\/p>\n<p>&nbsp;<\/p>\n<p>Somos uma Igreja com um prop\u00f3sito firmado em Deus de Transformar Vidas e Restaurar Lares atrav\u00e9s do Poder do Evangelho de Jesus Cristo, Nosso Senhor.<\/p>\n<h6>Pastores Manuel Ribeiro e Catarina Santangelo<\/h6>\n<p>Casados para sempre a 10 anos. Conhecidos por todos pela alegria constante e pela dedica\u00e7\u00e3o \u00e0 obra do Senhor, ao amor por Jesus e \u00e0s Suas ovelhas que lhes foram confiadas.<\/p>\n","protected":false},"excerpt":{"rendered":"<p>&nbsp; Somos uma Igreja com um prop\u00f3sito firmado em Deus de Transformar Vidas e Restaurar Lares atrav\u00e9s do Poder do Evangelho de Jesus Cristo, Nosso Senhor. Pastores Manuel Ribeiro e Catarina Santangelo Casados para sempre a 10 anos. Conhecidos por<\/p>\n","protected":false},"author":1,"featured_media":0,"parent":0,"menu_order":0,"comment_status":"open","ping_status":"open","template":"","meta":[],"_links":{"self":[{"href":"http:\/\/ibflauro.com.br\/site\/index.php?rest_route=\/wp\/v2\/pages\/2"}],"collection":[{"href":"http:\/\/ibflauro.com.br\/site\/index.php?rest_route=\/wp\/v2\/pages"}],"about":[{"href":"http:\/\/ibflauro.com.br\/site\/index.php?rest_route=\/wp\/v2\/types\/page"}],"author":[{"embeddable":true,"href":"http:\/\/ibflauro.com.br\/site\/index.php?rest_route=\/wp\/v2\/users\/1"}],"replies":[{"embeddable":true,"href":"http:\/\/ibflauro.com.br\/site\/index.php?rest_route=%2Fwp%2Fv2%2Fcomments&post=2"}],"version-history":[{"count":6,"href":"http:\/\/ibflauro.com.br\/site\/index.php?rest_route=\/wp\/v2\/pages\/2\/revisions"}],"predecessor-version":[{"id":267,"href":"http:\/\/ibflauro.com.br\/site\/index.php?rest_route=\/wp\/v2\/pages\/2\/revisions\/267"}],"wp:attachment":[{"href":"http:\/\/ibflauro.com.br\/site\/index.php?rest_route=%2Fwp%2Fv2%2Fmedia&parent=2"}],"curies":[{"name":"wp","href":"https:\/\/api.w.org\/{rel}","templated":true}]}}