{"id":16,"date":"2015-11-17T01:23:21","date_gmt":"2015-11-17T04:23:21","guid":{"rendered":"http:\/\/ibflauro.com.br\/site\/?page_id=16"},"modified":"2015-12-01T15:17:11","modified_gmt":"2015-12-01T18:17:11","slug":"home","status":"publish","type":"page","link":"http:\/\/ibflauro.com.br\/site\/","title":{"rendered":"In\u00edcio"},"content":{"rendered":"<div class=\"row&quot;\">\n<aside id=\"coluna1-home\" class=\"clearfix\">\n<div id=\"top1\" class=\"span3\" style=\"width: 25%; float: left;\">\n<aside id=\"advanced_text-7\" class=\"widget advanced_text\">\n<div class=\"AdvancedText\">\n<div class=\"post-thumbnail\" style=\"margin-top: 10px; padding: 6px;\"><img class=\"aligncenter\" src=\"http:\/\/ibflauro.com.br\/site\/wp-content\/uploads\/2015\/12\/nossa-hist\u00f3ria.png\" alt=\"Nossa miss\u00e3o\" \/><\/div>\n<h3 style=\"text-align: center;\"><a href=\"http:\/\/ibflauro.com.br\/site\/?page_id=2\">Nossa Hist\u00f3ria<\/a><\/h3>\n<p style=\"text-align: center;\">Conhe\u00e7a um pouco mais<br \/>\nsobre como tudo come\u00e7ou.<\/p>\n<p>&nbsp;<\/p>\n<\/div>\n<\/aside>\n<\/div>\n<div id=\"top2\" class=\"span3\" style=\"width: 25%; float: left;\">\n<aside id=\"advanced_text6\" class=\"widget advanced_text\">\n<div class=\"AdvancedText\">\n<div class=\"post-thumbnail\" style=\"margin-top: 10px; padding: 6px;\"><img class=\"aligncenter\" src=\"http:\/\/ibflauro.com.br\/site\/wp-content\/uploads\/2015\/12\/vem-cultuar-150.png\" alt=\"coluna 2\" \/><\/div>\n<h3 style=\"text-align: center;\"><a href=\"http:\/\/ibflauro.com.br\/site\/?page_id=67\">Nossas Reuni\u00f5es<\/a><\/h3>\n<p style=\"text-align: center;\">Conhe\u00e7a nossos hor\u00e1rios<br \/>\nde culto e venha nos visitar.<\/p>\n<p style=\"text-align: center;\">\n<\/div>\n<\/aside>\n<\/div>\n<div id=\"top3\" class=\"span3\" style=\"width: 25%; float: left;\">\n<aside id=\"advanced_text-8\" class=\"widget advanced_text\">\n<div class=\"AdvancedText\">\n<div class=\"post-thumbnail\" style=\"margin-top: 10px; padding: 6px;\"><img class=\"aligncenter\" src=\"http:\/\/ibflauro.com.br\/site\/wp-content\/uploads\/2015\/12\/\u00edcone-calend\u00e1rio.png\" alt=\"Calend\u00e1rio\" \/><\/div>\n<h3 style=\"text-align: center;\"><a href=\"http:\/\/ibflauro.com.br\/site\/?page_id=43\">Agenda<\/a><\/h3>\n<p style=\"text-align: center;\">Saiba mais sobre nossos<br \/>\npr\u00f3ximos eventos.<\/p>\n<p style=\"text-align: center;\">\n<\/div>\n<\/aside>\n<\/div>\n<div id=\"top4\" class=\"span3\" style=\"width: 25%; float: left;\">\n<aside id=\"advanced_text-5\" class=\"widget advanced_text\">\n<div class=\"AdvancedText\">\n<div class=\"post-thumbnail\" style=\"margin-top: 10px; padding: 6px;\"><img class=\"aligncenter\" src=\"http:\/\/ibflauro.com.br\/site\/wp-content\/uploads\/2015\/12\/\u00edcone-blog-150.png\" alt=\"Blog\" \/><\/div>\n<h3 style=\"text-align: center;\"><a href=\"http:\/\/ibflauro.com.br\/site\/?page_id=46\">Blog da Fam\u00edlia<\/a><\/h3>\n<p style=\"text-align: center;\">Acompanhe nosso Blog. Sempre com textos edificantes para sua casa.<\/p>\n<p style=\"text-align: center;\">\n<\/div>\n<\/aside>\n<\/div>\n<\/aside>\n<\/div>\n","protected":false},"excerpt":{"rendered":"<p>Nossa Hist\u00f3ria Conhe\u00e7a um pouco mais sobre como tudo come\u00e7ou. &nbsp; Nossas Reuni\u00f5es Conhe\u00e7a nossos hor\u00e1rios de culto e venha nos visitar. Agenda Saiba mais sobre nossos pr\u00f3ximos eventos. Blog da Fam\u00edlia Acompanhe nosso Blog. Sempre com textos edificantes para<\/p>\n","protected":false},"author":1,"featured_media":0,"parent":0,"menu_order":0,"comment_status":"closed","ping_status":"closed","template":"","meta":[],"_links":{"self":[{"href":"http:\/\/ibflauro.com.br\/site\/index.php?rest_route=\/wp\/v2\/pages\/16"}],"collection":[{"href":"http:\/\/ibflauro.com.br\/site\/index.php?rest_route=\/wp\/v2\/pages"}],"about":[{"href":"http:\/\/ibflauro.com.br\/site\/index.php?rest_route=\/wp\/v2\/types\/page"}],"author":[{"embeddable":true,"href":"http:\/\/ibflauro.com.br\/site\/index.php?rest_route=\/wp\/v2\/users\/1"}],"replies":[{"embeddable":true,"href":"http:\/\/ibflauro.com.br\/site\/index.php?rest_route=%2Fwp%2Fv2%2Fcomments&post=16"}],"version-history":[{"count":10,"href":"http:\/\/ibflauro.com.br\/site\/index.php?rest_route=\/wp\/v2\/pages\/16\/revisions"}],"predecessor-version":[{"id":345,"href":"http:\/\/ibflauro.com.br\/site\/index.php?rest_route=\/wp\/v2\/pages\/16\/revisions\/345"}],"wp:attachment":[{"href":"http:\/\/ibflauro.com.br\/site\/index.php?rest_route=%2Fwp%2Fv2%2Fmedia&parent=16"}],"curies":[{"name":"wp","href":"https:\/\/api.w.org\/{rel}","templated":true}]}}